{"id":31,"date":"2019-07-20T09:00:46","date_gmt":"2019-07-20T09:00:46","guid":{"rendered":"https:\/\/www.mobjecto.com.br\/novosite\/?page_id=31"},"modified":"2023-01-30T15:02:15","modified_gmt":"2023-01-30T18:02:15","slug":"a-empresa","status":"publish","type":"page","link":"https:\/\/www.mobjecto.com.br\/en\/a-empresa\/","title":{"rendered":"THE COMPANY"},"content":{"rendered":"<div data-elementor-type=\"wp-post\" data-elementor-id=\"31\" class=\"elementor elementor-31\">\n\t\t\t\t\t\t<section class=\"elementor-section elementor-top-section elementor-element elementor-element-b4c39a5 elementor-section-boxed elementor-section-height-default elementor-section-height-default\" data-id=\"b4c39a5\" data-element_type=\"section\" data-e-type=\"section\">\n\t\t\t\t\t\t<div class=\"elementor-container elementor-column-gap-default\">\n\t\t\t\t\t<div class=\"elementor-column elementor-col-100 elementor-top-column elementor-element elementor-element-02485d7\" data-id=\"02485d7\" data-element_type=\"column\" data-e-type=\"column\">\n\t\t\t<div class=\"elementor-widget-wrap elementor-element-populated\">\n\t\t\t\t\t\t<div class=\"elementor-element elementor-element-5cd921d elementor-widget elementor-widget-DiacoHeading\" data-id=\"5cd921d\" data-element_type=\"widget\" data-e-type=\"widget\" data-widget_type=\"DiacoHeading.default\">\n\t\t\t\t<div class=\"elementor-widget-container\">\n\t\t\t\t\t <div class=\"content-box\">\n\t  <div class=\"title\"><h1>THE COMPANY<span><\/span><\/h1><\/div>\n\t  <\/div>\n\t\t\t\t\t\t<\/div>\n\t\t\t\t<\/div>\n\t\t\t\t\t<\/div>\n\t\t<\/div>\n\t\t\t\t\t<\/div>\n\t\t<\/section>\n\t\t\t\t<section class=\"elementor-section elementor-top-section elementor-element elementor-element-71400ef elementor-section-stretched elementor-section-boxed elementor-section-height-default elementor-section-height-default\" data-id=\"71400ef\" data-element_type=\"section\" data-e-type=\"section\" data-settings=\"{&quot;stretch_section&quot;:&quot;section-stretched&quot;}\">\n\t\t\t\t\t\t<div class=\"elementor-container elementor-column-gap-default\">\n\t\t\t\t\t<div class=\"elementor-column elementor-col-100 elementor-top-column elementor-element elementor-element-28785b4\" data-id=\"28785b4\" data-element_type=\"column\" data-e-type=\"column\">\n\t\t\t<div class=\"elementor-widget-wrap elementor-element-populated\">\n\t\t\t\t\t\t<div class=\"elementor-element elementor-element-2912e6a .text elementor-widget elementor-widget-text-editor\" data-id=\"2912e6a\" data-element_type=\"widget\" data-e-type=\"widget\" data-widget_type=\"text-editor.default\">\n\t\t\t\t<div class=\"elementor-widget-container\">\n\t\t\t\t\t\t\t\t\t<h5>We are a company specialized in the execution of corporate furniture, especially stores in shopping centers, operating for over 35 years.<br><br><p><\/p>\n<\/h5>\n<h5>We carry out all installations with a project sector, carpentry, metallurgy, glasswork, upholstery, among others.<br><br><p><\/p>\n<\/h5>\n<h5>We have a team specialized in assembly throughout Brazil and abroad.<\/h5>\n<h5>&nbsp;<\/h5>\n<h5>The rigor in meeting your project, with deadline and quality, are always our main objective.<\/h5>\t\t\t\t\t\t\t\t<\/div>\n\t\t\t\t<\/div>\n\t\t\t\t\t<\/div>\n\t\t<\/div>\n\t\t\t\t\t<\/div>\n\t\t<\/section>\n\t\t\t\t<section class=\"elementor-section elementor-top-section elementor-element elementor-element-72a9f12 elementor-section-boxed elementor-section-height-default elementor-section-height-default\" data-id=\"72a9f12\" data-element_type=\"section\" data-e-type=\"section\">\n\t\t\t\t\t\t<div class=\"elementor-container elementor-column-gap-default\">\n\t\t\t\t\t<div class=\"elementor-column elementor-col-100 elementor-top-column elementor-element elementor-element-311a166\" data-id=\"311a166\" data-element_type=\"column\" data-e-type=\"column\">\n\t\t\t<div class=\"elementor-widget-wrap elementor-element-populated\">\n\t\t\t\t\t\t<div class=\"elementor-element elementor-element-578521c elementor-widget elementor-widget-image\" data-id=\"578521c\" data-element_type=\"widget\" data-e-type=\"widget\" data-widget_type=\"image.default\">\n\t\t\t\t<div class=\"elementor-widget-container\">\n\t\t\t\t\t\t\t\t\t\t\t\t\t\t\t\t<a href=\"https:\/\/www.mobjecto.com.br\/novosite\/wp-content\/uploads\/2022\/11\/fotoaerea.jpg\" data-elementor-open-lightbox=\"yes\" data-elementor-lightbox-title=\"fotoaerea\" data-e-action-hash=\"#elementor-action%3Aaction%3Dlightbox%26settings%3DeyJpZCI6MTU0MSwidXJsIjoiaHR0cHM6XC9cL3d3dy5tb2JqZWN0by5jb20uYnJcL3dwLWNvbnRlbnRcL3VwbG9hZHNcLzIwMjJcLzExXC9mb3RvYWVyZWEuanBnIn0%3D\">\n\t\t\t\t\t\t\t<img fetchpriority=\"high\" decoding=\"async\" width=\"1280\" height=\"720\" src=\"https:\/\/www.mobjecto.com.br\/wp-content\/uploads\/2022\/11\/fotoaerea.jpg\" class=\"attachment-full size-full wp-image-1541\" alt=\"\" srcset=\"https:\/\/www.mobjecto.com.br\/wp-content\/uploads\/2022\/11\/fotoaerea.jpg 1280w, https:\/\/www.mobjecto.com.br\/wp-content\/uploads\/2022\/11\/fotoaerea-300x169.jpg 300w, https:\/\/www.mobjecto.com.br\/wp-content\/uploads\/2022\/11\/fotoaerea-1024x576.jpg 1024w, https:\/\/www.mobjecto.com.br\/wp-content\/uploads\/2022\/11\/fotoaerea-768x432.jpg 768w, https:\/\/www.mobjecto.com.br\/wp-content\/uploads\/2022\/11\/fotoaerea-870x489.jpg 870w\" sizes=\"(max-width: 1280px) 100vw, 1280px\" \/>\t\t\t\t\t\t\t\t<\/a>\n\t\t\t\t\t\t\t\t\t\t\t\t\t\t\t<\/div>\n\t\t\t\t<\/div>\n\t\t\t\t\t<\/div>\n\t\t<\/div>\n\t\t\t\t\t<\/div>\n\t\t<\/section>\n\t\t\t\t<\/div>","protected":false},"excerpt":{"rendered":"<p>A EMPRESA Somos uma empresa especializada na execu\u00e7\u00e3o de mobili\u00e1rio corporativo, especialmente lojas em shopping centers, atuando h\u00e1 mais de 35 anos. Executamos todas as instala\u00e7\u00f5es contando com setor de projetos, marcenaria, metalurgia, vidra\u00e7aria, tape\u00e7aria, entre outros. Dispomos de equipe especializada em montagem para todo o Brasil e exterior. &nbsp; O rigor no atendimento ao [&hellip;]<\/p>\n","protected":false},"author":1,"featured_media":1541,"parent":0,"menu_order":0,"comment_status":"closed","ping_status":"closed","template":"","meta":{"footnotes":""},"class_list":["post-31","page","type-page","status-publish","has-post-thumbnail","hentry"],"_links":{"self":[{"href":"https:\/\/www.mobjecto.com.br\/en\/wp-json\/wp\/v2\/pages\/31","targetHints":{"allow":["GET"]}}],"collection":[{"href":"https:\/\/www.mobjecto.com.br\/en\/wp-json\/wp\/v2\/pages"}],"about":[{"href":"https:\/\/www.mobjecto.com.br\/en\/wp-json\/wp\/v2\/types\/page"}],"author":[{"embeddable":true,"href":"https:\/\/www.mobjecto.com.br\/en\/wp-json\/wp\/v2\/users\/1"}],"replies":[{"embeddable":true,"href":"https:\/\/www.mobjecto.com.br\/en\/wp-json\/wp\/v2\/comments?post=31"}],"version-history":[{"count":86,"href":"https:\/\/www.mobjecto.com.br\/en\/wp-json\/wp\/v2\/pages\/31\/revisions"}],"predecessor-version":[{"id":2158,"href":"https:\/\/www.mobjecto.com.br\/en\/wp-json\/wp\/v2\/pages\/31\/revisions\/2158"}],"wp:featuredmedia":[{"embeddable":true,"href":"https:\/\/www.mobjecto.com.br\/en\/wp-json\/wp\/v2\/media\/1541"}],"wp:attachment":[{"href":"https:\/\/www.mobjecto.com.br\/en\/wp-json\/wp\/v2\/media?parent=31"}],"curies":[{"name":"wp","href":"https:\/\/api.w.org\/{rel}","templated":true}]}}