{"id":478,"date":"2019-07-23T10:49:07","date_gmt":"2019-07-23T10:49:07","guid":{"rendered":"https:\/\/www.mobjecto.com.br\/novosite\/?page_id=478"},"modified":"2023-01-30T15:23:06","modified_gmt":"2023-01-30T18:23:06","slug":"servicos","status":"publish","type":"page","link":"https:\/\/www.mobjecto.com.br\/en\/servicos\/","title":{"rendered":"SERVICES"},"content":{"rendered":"<div data-elementor-type=\"wp-post\" data-elementor-id=\"478\" class=\"elementor elementor-478\">\n\t\t\t\t\t\t<section class=\"elementor-section elementor-top-section elementor-element elementor-element-5905cae elementor-section-boxed elementor-section-height-default elementor-section-height-default\" data-id=\"5905cae\" data-element_type=\"section\" data-e-type=\"section\">\n\t\t\t\t\t\t<div class=\"elementor-container elementor-column-gap-default\">\n\t\t\t\t\t<div class=\"elementor-column elementor-col-100 elementor-top-column elementor-element elementor-element-f508eb8\" data-id=\"f508eb8\" data-element_type=\"column\" data-e-type=\"column\">\n\t\t\t<div class=\"elementor-widget-wrap elementor-element-populated\">\n\t\t\t\t\t\t<div class=\"elementor-element elementor-element-32d9ab3 elementor-widget elementor-widget-DiacoHeading\" data-id=\"32d9ab3\" data-element_type=\"widget\" data-e-type=\"widget\" data-widget_type=\"DiacoHeading.default\">\n\t\t\t\t<div class=\"elementor-widget-container\">\n\t\t\t\t\t <div class=\"content-box\">\n\t  <div class=\"title\"><h1>SERVICES<span><\/span><\/h1><\/div>\n\t  <\/div>\n\t\t\t\t\t\t<\/div>\n\t\t\t\t<\/div>\n\t\t\t\t\t<\/div>\n\t\t<\/div>\n\t\t\t\t\t<\/div>\n\t\t<\/section>\n\t\t\t\t<section class=\"elementor-section elementor-top-section elementor-element elementor-element-790304a elementor-section-stretched elementor-section-boxed elementor-section-height-default elementor-section-height-default\" data-id=\"790304a\" data-element_type=\"section\" data-e-type=\"section\" data-settings=\"{&quot;stretch_section&quot;:&quot;section-stretched&quot;}\">\n\t\t\t\t\t\t<div class=\"elementor-container elementor-column-gap-no\">\n\t\t\t\t\t<div class=\"elementor-column elementor-col-100 elementor-top-column elementor-element elementor-element-1934099\" data-id=\"1934099\" data-element_type=\"column\" data-e-type=\"column\">\n\t\t\t<div class=\"elementor-widget-wrap elementor-element-populated\">\n\t\t\t\t\t\t<div class=\"elementor-element elementor-element-09005a7 elementor-widget elementor-widget-DiacoServiceGrid\" data-id=\"09005a7\" data-element_type=\"widget\" data-e-type=\"widget\" data-widget_type=\"DiacoServiceGrid.default\">\n\t\t\t\t<div class=\"elementor-widget-container\">\n\t\t\t\t\t\n<section class=\"service-style-two alternate-2\">\n\t<div class=\"container\">\n\t\t<div class=\"inner-content\">\n\t\t\t<div class=\"row\">\n\t\t\t\t\n\t\t\t\t<div class=\"col-lg-4 col-md-6 col-sm-12 service-block wow fadeInLeft\" data-wow-delay=\"00ms\"\n\t\t\t\t\tdata-wow-duration=\"1500ms\">\n\t\t\t\t\t<div class=\"service-block-one\">\n\t\t\t\t\t\t<div class=\"inner-box\">\n\t\t\t\t\t\t\t<figure class=\"image-box\">\n\t\t\t\t\t\t\t\t<img decoding=\"async\" src=\"https:\/\/www.mobjecto.com.br\/wp-content\/uploads\/2023\/01\/marcenaria-1.jpg\" alt=\"service image\">\n\t\t\t\t\t\t\t<\/figure>\n\t\t\t\t\t\t\t<div class=\"caption-box\">\n\t\t\t\t\t\t\t\t<div class=\"count-text\">01<\/div>\n\t\t\t\t\t\t\t\t<h4>Woodwork<\/h4>\n\t\t\t\t\t\t\t\t<a href=\"\"><\/a>\n\t\t\t\t\t\t\t<\/div>\n\t\t\t\t\t\t\t<div class=\"overlay-box\">\n\t\t\t\t\t\t\t\t<div class=\"icon-box\"><i class=\"flaticon-interior\"><\/i><\/div>\n\t\t\t\t\t\t\t\t<h4><a\n\t\t\t\t\t\t\t\t\t\thref=\"\">Woodwork<\/a>\n\t\t\t\t\t\t\t\t<\/h4>\n\t\t\t\t\t\t\t\t<div class=\"text\"><\/div>\n\t\t\t\t\t\t\t<\/div>\n\t\t\t\t\t\t<\/div>\n\t\t\t\t\t<\/div>\n\t\t\t\t<\/div>\n\t\t\t\t\t\n\t\t\t\t<div class=\"col-lg-4 col-md-6 col-sm-12 service-block wow fadeInLeft\" data-wow-delay=\"00ms\"\n\t\t\t\t\tdata-wow-duration=\"1500ms\">\n\t\t\t\t\t<div class=\"service-block-one\">\n\t\t\t\t\t\t<div class=\"inner-box\">\n\t\t\t\t\t\t\t<figure class=\"image-box\">\n\t\t\t\t\t\t\t\t<img decoding=\"async\" src=\"https:\/\/www.mobjecto.com.br\/wp-content\/uploads\/2023\/01\/projetos.jpg\" alt=\"service image\">\n\t\t\t\t\t\t\t<\/figure>\n\t\t\t\t\t\t\t<div class=\"caption-box\">\n\t\t\t\t\t\t\t\t<div class=\"count-text\">02<\/div>\n\t\t\t\t\t\t\t\t<h4>Projects<\/h4>\n\t\t\t\t\t\t\t\t<a href=\"\"><\/a>\n\t\t\t\t\t\t\t<\/div>\n\t\t\t\t\t\t\t<div class=\"overlay-box\">\n\t\t\t\t\t\t\t\t<div class=\"icon-box\"><i class=\"flaticon-interior\"><\/i><\/div>\n\t\t\t\t\t\t\t\t<h4><a\n\t\t\t\t\t\t\t\t\t\thref=\"\">Projects<\/a>\n\t\t\t\t\t\t\t\t<\/h4>\n\t\t\t\t\t\t\t\t<div class=\"text\"><\/div>\n\t\t\t\t\t\t\t<\/div>\n\t\t\t\t\t\t<\/div>\n\t\t\t\t\t<\/div>\n\t\t\t\t<\/div>\n\t\t\t\t\t\n\t\t\t\t<div class=\"col-lg-4 col-md-6 col-sm-12 service-block wow fadeInLeft\" data-wow-delay=\"00ms\"\n\t\t\t\t\tdata-wow-duration=\"1500ms\">\n\t\t\t\t\t<div class=\"service-block-one\">\n\t\t\t\t\t\t<div class=\"inner-box\">\n\t\t\t\t\t\t\t<figure class=\"image-box\">\n\t\t\t\t\t\t\t\t<img decoding=\"async\" src=\"https:\/\/www.mobjecto.com.br\/wp-content\/uploads\/2023\/01\/serralheria.jpg\" alt=\"service image\">\n\t\t\t\t\t\t\t<\/figure>\n\t\t\t\t\t\t\t<div class=\"caption-box\">\n\t\t\t\t\t\t\t\t<div class=\"count-text\">03<\/div>\n\t\t\t\t\t\t\t\t<h4>Sawmill<\/h4>\n\t\t\t\t\t\t\t\t<a href=\"\"><\/a>\n\t\t\t\t\t\t\t<\/div>\n\t\t\t\t\t\t\t<div class=\"overlay-box\">\n\t\t\t\t\t\t\t\t<div class=\"icon-box\"><i class=\"flaticon-interior\"><\/i><\/div>\n\t\t\t\t\t\t\t\t<h4><a\n\t\t\t\t\t\t\t\t\t\thref=\"\">Sawmill<\/a>\n\t\t\t\t\t\t\t\t<\/h4>\n\t\t\t\t\t\t\t\t<div class=\"text\"><\/div>\n\t\t\t\t\t\t\t<\/div>\n\t\t\t\t\t\t<\/div>\n\t\t\t\t\t<\/div>\n\t\t\t\t<\/div>\n\t\t\t\t\t\n\t\t\t\t<div class=\"col-lg-4 col-md-6 col-sm-12 service-block wow fadeInLeft\" data-wow-delay=\"00ms\"\n\t\t\t\t\tdata-wow-duration=\"1500ms\">\n\t\t\t\t\t<div class=\"service-block-one\">\n\t\t\t\t\t\t<div class=\"inner-box\">\n\t\t\t\t\t\t\t<figure class=\"image-box\">\n\t\t\t\t\t\t\t\t<img decoding=\"async\" src=\"https:\/\/www.mobjecto.com.br\/wp-content\/uploads\/2023\/01\/tapecaria.jpg\" alt=\"service image\">\n\t\t\t\t\t\t\t<\/figure>\n\t\t\t\t\t\t\t<div class=\"caption-box\">\n\t\t\t\t\t\t\t\t<div class=\"count-text\">04<\/div>\n\t\t\t\t\t\t\t\t<h4>Tapestry<\/h4>\n\t\t\t\t\t\t\t\t<a href=\"\"><\/a>\n\t\t\t\t\t\t\t<\/div>\n\t\t\t\t\t\t\t<div class=\"overlay-box\">\n\t\t\t\t\t\t\t\t<div class=\"icon-box\"><i class=\"flaticon-interior\"><\/i><\/div>\n\t\t\t\t\t\t\t\t<h4><a\n\t\t\t\t\t\t\t\t\t\thref=\"\">Tapestry<\/a>\n\t\t\t\t\t\t\t\t<\/h4>\n\t\t\t\t\t\t\t\t<div class=\"text\"><\/div>\n\t\t\t\t\t\t\t<\/div>\n\t\t\t\t\t\t<\/div>\n\t\t\t\t\t<\/div>\n\t\t\t\t<\/div>\n\t\t\t\t\t\n\t\t\t\t<div class=\"col-lg-4 col-md-6 col-sm-12 service-block wow fadeInLeft\" data-wow-delay=\"00ms\"\n\t\t\t\t\tdata-wow-duration=\"1500ms\">\n\t\t\t\t\t<div class=\"service-block-one\">\n\t\t\t\t\t\t<div class=\"inner-box\">\n\t\t\t\t\t\t\t<figure class=\"image-box\">\n\t\t\t\t\t\t\t\t<img decoding=\"async\" src=\"https:\/\/www.mobjecto.com.br\/wp-content\/uploads\/2023\/01\/vidracaria-1.jpg\" alt=\"service image\">\n\t\t\t\t\t\t\t<\/figure>\n\t\t\t\t\t\t\t<div class=\"caption-box\">\n\t\t\t\t\t\t\t\t<div class=\"count-text\">05<\/div>\n\t\t\t\t\t\t\t\t<h4>Glazing<\/h4>\n\t\t\t\t\t\t\t\t<a href=\"\"><\/a>\n\t\t\t\t\t\t\t<\/div>\n\t\t\t\t\t\t\t<div class=\"overlay-box\">\n\t\t\t\t\t\t\t\t<div class=\"icon-box\"><i class=\"flaticon-interior\"><\/i><\/div>\n\t\t\t\t\t\t\t\t<h4><a\n\t\t\t\t\t\t\t\t\t\thref=\"\">Glazing<\/a>\n\t\t\t\t\t\t\t\t<\/h4>\n\t\t\t\t\t\t\t\t<div class=\"text\"><\/div>\n\t\t\t\t\t\t\t<\/div>\n\t\t\t\t\t\t<\/div>\n\t\t\t\t\t<\/div>\n\t\t\t\t<\/div>\n\t\t\t\t\t\n\t\t\t\t<div class=\"col-lg-4 col-md-6 col-sm-12 service-block wow fadeInLeft\" data-wow-delay=\"00ms\"\n\t\t\t\t\tdata-wow-duration=\"1500ms\">\n\t\t\t\t\t<div class=\"service-block-one\">\n\t\t\t\t\t\t<div class=\"inner-box\">\n\t\t\t\t\t\t\t<figure class=\"image-box\">\n\t\t\t\t\t\t\t\t<img decoding=\"async\" src=\"https:\/\/www.mobjecto.com.br\/wp-content\/uploads\/2023\/01\/pintura.jpg\" alt=\"service image\">\n\t\t\t\t\t\t\t<\/figure>\n\t\t\t\t\t\t\t<div class=\"caption-box\">\n\t\t\t\t\t\t\t\t<div class=\"count-text\">06<\/div>\n\t\t\t\t\t\t\t\t<h4>Painting<\/h4>\n\t\t\t\t\t\t\t\t<a href=\"\"><\/a>\n\t\t\t\t\t\t\t<\/div>\n\t\t\t\t\t\t\t<div class=\"overlay-box\">\n\t\t\t\t\t\t\t\t<div class=\"icon-box\"><i class=\"flaticon-interior\"><\/i><\/div>\n\t\t\t\t\t\t\t\t<h4><a\n\t\t\t\t\t\t\t\t\t\thref=\"\">Painting<\/a>\n\t\t\t\t\t\t\t\t<\/h4>\n\t\t\t\t\t\t\t\t<div class=\"text\"><\/div>\n\t\t\t\t\t\t\t<\/div>\n\t\t\t\t\t\t<\/div>\n\t\t\t\t\t<\/div>\n\t\t\t\t<\/div>\n\t\t\t\t\t\n\t\t\t\t<div class=\"col-lg-4 col-md-6 col-sm-12 service-block wow fadeInLeft\" data-wow-delay=\"00ms\"\n\t\t\t\t\tdata-wow-duration=\"1500ms\">\n\t\t\t\t\t<div class=\"service-block-one\">\n\t\t\t\t\t\t<div class=\"inner-box\">\n\t\t\t\t\t\t\t<figure class=\"image-box\">\n\t\t\t\t\t\t\t\t<img decoding=\"async\" src=\"https:\/\/www.mobjecto.com.br\/wp-content\/uploads\/2023\/01\/montagem.jpg\" alt=\"service image\">\n\t\t\t\t\t\t\t<\/figure>\n\t\t\t\t\t\t\t<div class=\"caption-box\">\n\t\t\t\t\t\t\t\t<div class=\"count-text\">07<\/div>\n\t\t\t\t\t\t\t\t<h4>Assembly<\/h4>\n\t\t\t\t\t\t\t\t<a href=\"\"><\/a>\n\t\t\t\t\t\t\t<\/div>\n\t\t\t\t\t\t\t<div class=\"overlay-box\">\n\t\t\t\t\t\t\t\t<div class=\"icon-box\"><i class=\"flaticon-interior\"><\/i><\/div>\n\t\t\t\t\t\t\t\t<h4><a\n\t\t\t\t\t\t\t\t\t\thref=\"\">Assembly<\/a>\n\t\t\t\t\t\t\t\t<\/h4>\n\t\t\t\t\t\t\t\t<div class=\"text\"><\/div>\n\t\t\t\t\t\t\t<\/div>\n\t\t\t\t\t\t<\/div>\n\t\t\t\t\t<\/div>\n\t\t\t\t<\/div>\n\t\t\t\t\t\n\t\t\t<\/div>\n\t\t<\/div>\n\t<\/div>\n<\/section>\n<!-- service-style-two end -->\n\n\t\t\t\t\t\t<\/div>\n\t\t\t\t<\/div>\n\t\t\t\t\t<\/div>\n\t\t<\/div>\n\t\t\t\t\t<\/div>\n\t\t<\/section>\n\t\t\t\t<section class=\"elementor-section elementor-top-section elementor-element elementor-element-26e5d9a elementor-section-boxed elementor-section-height-default elementor-section-height-default\" data-id=\"26e5d9a\" data-element_type=\"section\" data-e-type=\"section\">\n\t\t\t\t\t\t<div class=\"elementor-container elementor-column-gap-default\">\n\t\t\t\t\t<div class=\"elementor-column elementor-col-100 elementor-top-column elementor-element elementor-element-9fdd973\" data-id=\"9fdd973\" data-element_type=\"column\" data-e-type=\"column\">\n\t\t\t<div class=\"elementor-widget-wrap elementor-element-populated\">\n\t\t\t\t\t\t<div class=\"elementor-element elementor-element-4e4181e elementor-widget elementor-widget-DiacoHeading\" data-id=\"4e4181e\" data-element_type=\"widget\" data-e-type=\"widget\" data-widget_type=\"DiacoHeading.default\">\n\t\t\t\t<div class=\"elementor-widget-container\">\n\t\t\t\t\t <div class=\"content-box\">\n\t  <div class=\"title\"><h1><span>Some of our customers<\/span><\/h1><\/div>\n\t  <\/div>\n\t\t\t\t\t\t<\/div>\n\t\t\t\t<\/div>\n\t\t\t\t\t<\/div>\n\t\t<\/div>\n\t\t\t\t\t<\/div>\n\t\t<\/section>\n\t\t\t\t<section class=\"elementor-section elementor-top-section elementor-element elementor-element-4a07276 elementor-section-boxed elementor-section-height-default elementor-section-height-default\" data-id=\"4a07276\" data-element_type=\"section\" data-e-type=\"section\">\n\t\t\t\t\t\t<div class=\"elementor-container elementor-column-gap-default\">\n\t\t\t\t\t<div class=\"elementor-column elementor-col-100 elementor-top-column elementor-element elementor-element-59e734b\" data-id=\"59e734b\" data-element_type=\"column\" data-e-type=\"column\">\n\t\t\t<div class=\"elementor-widget-wrap elementor-element-populated\">\n\t\t\t\t\t\t<div class=\"elementor-element elementor-element-b5fb1b4 elementor-arrows-position-outside elementor-widget elementor-widget-image-carousel\" data-id=\"b5fb1b4\" data-element_type=\"widget\" data-e-type=\"widget\" data-settings=\"{&quot;slides_to_show&quot;:&quot;7&quot;,&quot;navigation&quot;:&quot;arrows&quot;,&quot;pause_on_hover&quot;:&quot;no&quot;,&quot;pause_on_interaction&quot;:&quot;no&quot;,&quot;autoplay_speed&quot;:2000,&quot;image_spacing_custom&quot;:{&quot;unit&quot;:&quot;px&quot;,&quot;size&quot;:40,&quot;sizes&quot;:[]},&quot;autoplay&quot;:&quot;yes&quot;,&quot;infinite&quot;:&quot;yes&quot;,&quot;speed&quot;:500,&quot;image_spacing_custom_tablet&quot;:{&quot;unit&quot;:&quot;px&quot;,&quot;size&quot;:&quot;&quot;,&quot;sizes&quot;:[]},&quot;image_spacing_custom_mobile&quot;:{&quot;unit&quot;:&quot;px&quot;,&quot;size&quot;:&quot;&quot;,&quot;sizes&quot;:[]}}\" data-widget_type=\"image-carousel.default\">\n\t\t\t\t<div class=\"elementor-widget-container\">\n\t\t\t\t\t\t\t<div class=\"elementor-image-carousel-wrapper swiper\" role=\"region\" aria-roledescription=\"carousel\" aria-label=\"Carrossel de imagem\" dir=\"ltr\">\n\t\t\t<div class=\"elementor-image-carousel swiper-wrapper\" aria-live=\"off\">\n\t\t\t\t\t\t\t\t<div class=\"swiper-slide\" role=\"group\" aria-roledescription=\"slide\" aria-label=\"1 de 17\"><figure class=\"swiper-slide-inner\"><img decoding=\"async\" class=\"swiper-slide-image\" src=\"https:\/\/www.mobjecto.com.br\/wp-content\/uploads\/2022\/12\/aquazzura-300x42.png\" alt=\"aquazzura\" \/><\/figure><\/div><div class=\"swiper-slide\" role=\"group\" aria-roledescription=\"slide\" aria-label=\"2 de 17\"><figure class=\"swiper-slide-inner\"><img decoding=\"async\" class=\"swiper-slide-image\" src=\"https:\/\/www.mobjecto.com.br\/wp-content\/uploads\/2022\/12\/Valentino_logo.svg_-300x148.png\" alt=\"Valentino_logo.svg\" \/><\/figure><\/div><div class=\"swiper-slide\" role=\"group\" aria-roledescription=\"slide\" aria-label=\"3 de 17\"><figure class=\"swiper-slide-inner\"><img decoding=\"async\" class=\"swiper-slide-image\" src=\"https:\/\/www.mobjecto.com.br\/wp-content\/uploads\/2022\/12\/Logo_Goyard.svg_-300x245.png\" alt=\"Logo_Goyard.svg\" \/><\/figure><\/div><div class=\"swiper-slide\" role=\"group\" aria-roledescription=\"slide\" aria-label=\"4 de 17\"><figure class=\"swiper-slide-inner\"><img decoding=\"async\" class=\"swiper-slide-image\" src=\"https:\/\/www.mobjecto.com.br\/wp-content\/uploads\/2022\/12\/logo-vr.png\" alt=\"logo vr\" \/><\/figure><\/div><div class=\"swiper-slide\" role=\"group\" aria-roledescription=\"slide\" aria-label=\"5 de 17\"><figure class=\"swiper-slide-inner\"><img decoding=\"async\" class=\"swiper-slide-image\" src=\"https:\/\/www.mobjecto.com.br\/wp-content\/uploads\/2022\/12\/logo-via-veneto-300x139.jpg\" alt=\"logo via veneto\" \/><\/figure><\/div><div class=\"swiper-slide\" role=\"group\" aria-roledescription=\"slide\" aria-label=\"6 de 17\"><figure class=\"swiper-slide-inner\"><img decoding=\"async\" class=\"swiper-slide-image\" src=\"https:\/\/www.mobjecto.com.br\/wp-content\/uploads\/2022\/12\/logo-tory-burch.jpg\" alt=\"logo tory burch\" \/><\/figure><\/div><div class=\"swiper-slide\" role=\"group\" aria-roledescription=\"slide\" aria-label=\"7 de 17\"><figure class=\"swiper-slide-inner\"><img decoding=\"async\" class=\"swiper-slide-image\" src=\"https:\/\/www.mobjecto.com.br\/wp-content\/uploads\/2022\/12\/logo-jr.jpg\" alt=\"logo_bkf_jr\" \/><\/figure><\/div><div class=\"swiper-slide\" role=\"group\" aria-roledescription=\"slide\" aria-label=\"8 de 17\"><figure class=\"swiper-slide-inner\"><img decoding=\"async\" class=\"swiper-slide-image\" src=\"https:\/\/www.mobjecto.com.br\/wp-content\/uploads\/2022\/12\/logo-emporio-300x45.png\" alt=\"logo emporio\" \/><\/figure><\/div><div class=\"swiper-slide\" role=\"group\" aria-roledescription=\"slide\" aria-label=\"9 de 17\"><figure class=\"swiper-slide-inner\"><img decoding=\"async\" class=\"swiper-slide-image\" src=\"https:\/\/www.mobjecto.com.br\/wp-content\/uploads\/2022\/12\/logo-donna.jpg\" alt=\"logo donna\" \/><\/figure><\/div><div class=\"swiper-slide\" role=\"group\" aria-roledescription=\"slide\" aria-label=\"10 de 17\"><figure class=\"swiper-slide-inner\"><img decoding=\"async\" class=\"swiper-slide-image\" src=\"https:\/\/www.mobjecto.com.br\/wp-content\/uploads\/2022\/12\/logo-chocolate.jpg\" alt=\"logo chocolate\" \/><\/figure><\/div><div class=\"swiper-slide\" role=\"group\" aria-roledescription=\"slide\" aria-label=\"11 de 17\"><figure class=\"swiper-slide-inner\"><img decoding=\"async\" class=\"swiper-slide-image\" src=\"https:\/\/www.mobjecto.com.br\/wp-content\/uploads\/2022\/12\/logo-brooksfield.gif\" alt=\"logo brooksfield\" \/><\/figure><\/div><div class=\"swiper-slide\" role=\"group\" aria-roledescription=\"slide\" aria-label=\"12 de 17\"><figure class=\"swiper-slide-inner\"><img decoding=\"async\" class=\"swiper-slide-image\" src=\"https:\/\/www.mobjecto.com.br\/wp-content\/uploads\/2022\/12\/kohler.png\" alt=\"kohler\" \/><\/figure><\/div><div class=\"swiper-slide\" role=\"group\" aria-roledescription=\"slide\" aria-label=\"13 de 17\"><figure class=\"swiper-slide-inner\"><img decoding=\"async\" class=\"swiper-slide-image\" src=\"https:\/\/www.mobjecto.com.br\/wp-content\/uploads\/2022\/12\/harrys_logo.jpg\" alt=\"harrys_logo\" \/><\/figure><\/div><div class=\"swiper-slide\" role=\"group\" aria-roledescription=\"slide\" aria-label=\"14 de 17\"><figure class=\"swiper-slide-inner\"><img decoding=\"async\" class=\"swiper-slide-image\" src=\"https:\/\/www.mobjecto.com.br\/wp-content\/uploads\/2022\/12\/giorgio-armani-logo-300x59.png\" alt=\"giorgio-armani-logo\" \/><\/figure><\/div><div class=\"swiper-slide\" role=\"group\" aria-roledescription=\"slide\" aria-label=\"15 de 17\"><figure class=\"swiper-slide-inner\"><img decoding=\"async\" class=\"swiper-slide-image\" src=\"https:\/\/www.mobjecto.com.br\/wp-content\/uploads\/2022\/12\/dolce-gabbana-logo.jpg\" alt=\"dolce-gabbana-logo\" \/><\/figure><\/div><div class=\"swiper-slide\" role=\"group\" aria-roledescription=\"slide\" aria-label=\"16 de 17\"><figure class=\"swiper-slide-inner\"><img decoding=\"async\" class=\"swiper-slide-image\" src=\"https:\/\/www.mobjecto.com.br\/wp-content\/uploads\/2022\/12\/armani-jeans-logo-vector-01.png\" alt=\"armani-jeans-logo-vector-01\" \/><\/figure><\/div><div class=\"swiper-slide\" role=\"group\" aria-roledescription=\"slide\" aria-label=\"17 de 17\"><figure class=\"swiper-slide-inner\"><img decoding=\"async\" class=\"swiper-slide-image\" src=\"https:\/\/www.mobjecto.com.br\/wp-content\/uploads\/2022\/12\/armani_logo_1-300x257.jpg\" alt=\"armani_logo_1\" \/><\/figure><\/div>\t\t\t<\/div>\n\t\t\t\t\t\t\t\t\t\t\t\t<div class=\"elementor-swiper-button elementor-swiper-button-prev\" role=\"button\" tabindex=\"0\">\n\t\t\t\t\t\t<i aria-hidden=\"true\" class=\"eicon-chevron-left\"><\/i>\t\t\t\t\t<\/div>\n\t\t\t\t\t<div class=\"elementor-swiper-button elementor-swiper-button-next\" role=\"button\" tabindex=\"0\">\n\t\t\t\t\t\t<i aria-hidden=\"true\" class=\"eicon-chevron-right\"><\/i>\t\t\t\t\t<\/div>\n\t\t\t\t\n\t\t\t\t\t\t\t\t\t<\/div>\n\t\t\t\t\t\t<\/div>\n\t\t\t\t<\/div>\n\t\t\t\t\t<\/div>\n\t\t<\/div>\n\t\t\t\t\t<\/div>\n\t\t<\/section>\n\t\t\t\t<\/div>","protected":false},"excerpt":{"rendered":"<p>SERVI\u00c7OS 01 Marcenaria Marcenaria 02 Projetos Projetos 03 Serralheria Serralheria 04 Tape\u00e7aria Tape\u00e7aria 05 Vidra\u00e7aria Vidra\u00e7aria 06 Pintura Pintura 07 Montagem Montagem Alguns de nossos clientes Anterior Pr\u00f3ximo<\/p>","protected":false},"author":1,"featured_media":63,"parent":0,"menu_order":0,"comment_status":"closed","ping_status":"closed","template":"","meta":{"footnotes":""},"class_list":["post-478","page","type-page","status-publish","has-post-thumbnail","hentry"],"_links":{"self":[{"href":"https:\/\/www.mobjecto.com.br\/en\/wp-json\/wp\/v2\/pages\/478","targetHints":{"allow":["GET"]}}],"collection":[{"href":"https:\/\/www.mobjecto.com.br\/en\/wp-json\/wp\/v2\/pages"}],"about":[{"href":"https:\/\/www.mobjecto.com.br\/en\/wp-json\/wp\/v2\/types\/page"}],"author":[{"embeddable":true,"href":"https:\/\/www.mobjecto.com.br\/en\/wp-json\/wp\/v2\/users\/1"}],"replies":[{"embeddable":true,"href":"https:\/\/www.mobjecto.com.br\/en\/wp-json\/wp\/v2\/comments?post=478"}],"version-history":[{"count":77,"href":"https:\/\/www.mobjecto.com.br\/en\/wp-json\/wp\/v2\/pages\/478\/revisions"}],"predecessor-version":[{"id":2171,"href":"https:\/\/www.mobjecto.com.br\/en\/wp-json\/wp\/v2\/pages\/478\/revisions\/2171"}],"wp:featuredmedia":[{"embeddable":true,"href":"https:\/\/www.mobjecto.com.br\/en\/wp-json\/wp\/v2\/media\/63"}],"wp:attachment":[{"href":"https:\/\/www.mobjecto.com.br\/en\/wp-json\/wp\/v2\/media?parent=478"}],"curies":[{"name":"wp","href":"https:\/\/api.w.org\/{rel}","templated":true}]}}